{"id":2561,"date":"2020-01-31T17:14:45","date_gmt":"2020-01-31T17:14:45","guid":{"rendered":"https:\/\/www.pilafestudio.com\/?page_id=2561"},"modified":"2022-11-18T10:38:19","modified_gmt":"2022-11-18T10:38:19","slug":"aviso-legal","status":"publish","type":"page","link":"https:\/\/www.pilafestudio.com\/val\/aviso-legal\/","title":{"rendered":"Av\u00eds Legal"},"content":{"rendered":"<div data-elementor-type=\"wp-page\" data-elementor-id=\"2561\" class=\"elementor elementor-2561\">\n\t\t\t\t\t\t<section class=\"elementor-section elementor-top-section elementor-element elementor-element-fd13035 elementor-section-boxed elementor-section-height-default elementor-section-height-default\" data-id=\"fd13035\" data-element_type=\"section\">\n\t\t\t\t\t\t<div class=\"elementor-container elementor-column-gap-default\">\n\t\t\t\t\t<div class=\"elementor-column elementor-col-100 elementor-top-column elementor-element elementor-element-7bed28cd\" data-id=\"7bed28cd\" data-element_type=\"column\">\n\t\t\t<div class=\"elementor-widget-wrap elementor-element-populated\">\n\t\t\t\t\t\t<div class=\"elementor-element elementor-element-1eba8f2e elementor-widget elementor-widget-text-editor\" data-id=\"1eba8f2e\" data-element_type=\"widget\" data-widget_type=\"text-editor.default\">\n\t\t\t\t<div class=\"elementor-widget-container\">\n\t\t\t\t\t\t\t\t\t\n<h2 class=\"wp-block-heading\"><span style=\"color: #000000;\">Av\u00eds Legal<\/span><\/h2>\n\n<h3>1. Introducci\u00f3<\/h3>\n\n<p class=\"translation-block\">El present document te com a finalitat establir y regular les normes d'\u00fas del Lloc pilafestudio.com (en avant \u00ab\u00a8Lloc\u00bb), entenent per Lloc totes les p\u00e0gines i els seus continguts propietat de Rafael Villarraso Boluda, a les quals s'hi accedeix mijan\u00e7ant  el domini pilafestudi.com i els seus subdominis.\n\nLa utilitzaci\u00f3 del Lloc atribueix la condici\u00f3 d'Ususari del mateix i implica l'acceptaci\u00f3 de totes les condicions incloses al present Av\u00eds Legal. L'Usuari es compromet a llegir atentament el present Av\u00eds Legal en cadascuna de les ocasions a les que es propose fer \u00fas del Lloc, ja que aquest i les seues condicions d'\u00fas recollides al present Av\u00eds Legal poden sofrir modificacions.<\/p>\n\n<p>\u00a0<\/p>\n\n<h3 class=\"wp-block-heading\">2. Titularitat del lloc web<\/h3>\n\n<p>El lloc web pilafestudio.com \u00e9s propietat de Rafael Villarraso Boluda, amb nif 48292262J, amb domicili social en C\/Pare Ferran Alcina, 1, d'Ontinyent (Val\u00e8ncia). Pot contactar a trav\u00e9s del n\u00famero 655783119.<\/p>\n\n<h3 class=\"wp-block-heading\">3. Propietat intel\u00b7lectual i industrial<\/h3>\n\n<p class=\"translation-block\">Els drets de propietat intel\u00b7lectual del contingut d'aquest Lloc, s\u00f3n titularitat de Rafael Villarraso Boluda, a excepci\u00f3 del contingut on s'indica expl\u00edcitament l'autoria d'aquest.<br>La reproducci\u00f3, distribuci\u00f3, comercialitzaci\u00f3 o transformaci\u00f3, total o parcial, no autoritzades del contingut del Lloc, tret que siga per a \u00fas personal i privat, constitueix una infracci\u00f3 dels drets de propietat intel\u00b7lectual de Rafael Villarraso Boluda. Igualment, totes les marques o signes distintius de qualsevol classe continguts en el Lloc estan protegits per Llei. La utilitzaci\u00f3 no autoritzada de la informaci\u00f3 continguda en aquest Lloc, aix\u00ed com els perjudicis ocasionats en els drets de propietat intel\u00b7lectual i industrial de Rafael Villarraso Boluda, poden donar lloc a l'exercici de les accions que legalment corresponguen i, si escau, a les responsabilitats que d'aquest exercici es deriven.<\/p>\n\n<h3 class=\"wp-block-heading\">4. Exclusi\u00f3 de responsabilitat<\/h3>\n\n<p>El contingut, programes, informaci\u00f3 i\/o consells expressats en aquest Lloc han d'entendre's com simplement orientatius. Rafael Villarraso Boluda no respon de cap manera de l'efectivitat o exactitud d'aquests, quedant exempta de qualsevol responsabilitat contractual o extracontractual amb els Usuaris que facen \u00fas d'ells, ja que s\u00f3n aquestes les que hauran de decidir segons el seu criteri l'oportunitat d'aquests. En aquest Lloc es poden publicar continguts aportats per terceres persones o empreses, Rafael Villarraso Boluda, no respon de la veracitat i exactitud d'aquests, quedant exempta de qualsevol responsabilitat contractual o extracontractual amb els Usuaris que facen \u00fas d'ells. Rafael Villarraso Boluda, es reserva el dret de modificar el contingut del Lloc sense previ av\u00eds i sense cap mena de limitaci\u00f3.<\/p>\n\n<p>Aix\u00ed mateix, declina qualsevol responsabilitat pels eventuals danys i perjudicis que puguen ocasionar-se per la falta de disponibilitat i\/o continu\u00eftat d'aquest Lloc i dels serveis que s'ofereixen en el. Rafael Villarraso Boluda, no garanteix l'abs\u00e8ncia de virus ni d'altres elements en la web que puguen produir alteracions en el seu sistema inform\u00e0tic. Rafael Villarraso Boluda, declina qualsevol responsabilitat contractual o extracontractual amb els Usuaris que facen \u00fas d'aix\u00f2 i tingu\u00e9s perjudicis de qualsevol naturalesa ocasionats per virus inform\u00e0tics o per elements inform\u00e0tics de qualsevol \u00edndole.<\/p>\n\n<p>Rafael Villarraso Boluda, declina qualsevol responsabilitat pels serveis que eventualment poguessin prestar-se en el Lloc per part de tercers.<\/p>\n\n<p>Rafael Villarraso Boluda , declina qualsevol responsabilitat pels serveis i\/o informaci\u00f3 que es preste en altres Llocs enlla\u00e7ats amb aquest.<\/p>\n\n<p>Rafael Villarraso Boluda, no controla ni exerceix cap mena de supervisi\u00f3 en Llocs Webs de tercers. Aconsellem als Usuaris dels mateixos a actuar amb prud\u00e8ncia i consultar les eventuals condicions legals que s'exposin en aquestes webs.<\/p>\n\n<p>Els Usuaris que remetin qualsevol tipus d'informaci\u00f3 a Rafael Villarraso Boluda es comprometen al fet que la mateixa siga vera\u00e7 i que no vulnere qualsevol dret de tercers ni la legalitat vigent.<\/p>\n\n<p>\u00a0<\/p>\n\n<h3 class=\"wp-block-heading\">5. Condicions d'\u00fas<\/h3>\n\n<p>L'acc\u00e9s al present Lloc \u00e9s gratu\u00eft excepte en el relatiu al cost de la connexi\u00f3 a trav\u00e9s de la xarxa de telecomunicacions subministrada pel prove\u00efdor d'acc\u00e9s contractat pels usuaris. Queda expressament prohibit l'\u00fas del Lloc amb finalitats lesius de b\u00e9ns o interessos de Rafael Villarraso Boluda o de tercers o que de qualsevol altra forma sobrecarreguin, danyen o inutilitzen les xarxes, servidors i altres equips inform\u00e0tics (maquinari) o productes i aplicacions inform\u00e0tiques (programari) de Rafael Villarraso Boluda, o de tercers.<br \/>En el cas que l'Usuari tinguera coneixement que els Llocs enlla\u00e7ats remeten a p\u00e0gines els continguts o els serveis de les quals s\u00f3n il\u00b7l\u00edcits, nocius, denigrants, violents o contraris a la moral li agrair\u00edem que es posara en contacte amb Rafael Villarraso Boluda.<\/p>\n\n<h3 class=\"wp-block-heading\">6. Legislaci\u00f3<\/h3>\n\n<p>Les presents condicions generals es regeixen per la legislaci\u00f3 espanyola. L'Usuari accepta aquests Termes d'\u00das, i qualsevol tipus de controv\u00e8rsia relativa a l'\u00fas d'aquest lloc web, ser\u00e0 interpretat conformement a les lleis vigents en el lloc de resid\u00e8ncia del propietari d'aquest lloc web, tenint compet\u00e8ncia per a la resoluci\u00f3 de tot litigi o conflicte que puga sorgir els Jutjats i Tribunals competents del lloc de resid\u00e8ncia del propietari d'aquest lloc web i els seus superiors jer\u00e0rquics, renunciant expressament l'Usuari a qualsevol altre fur.<\/p>\n\t\t\t\t\t\t\t\t<\/div>\n\t\t\t\t<\/div>\n\t\t\t\t<div class=\"elementor-element elementor-element-eb13c60 elementor-widget elementor-widget-spacer\" data-id=\"eb13c60\" data-element_type=\"widget\" data-widget_type=\"spacer.default\">\n\t\t\t\t<div class=\"elementor-widget-container\">\n\t\t\t\t\t\t\t<div class=\"elementor-spacer\">\n\t\t\t<div class=\"elementor-spacer-inner\"><\/div>\n\t\t<\/div>\n\t\t\t\t\t\t<\/div>\n\t\t\t\t<\/div>\n\t\t\t\t\t<\/div>\n\t\t<\/div>\n\t\t\t\t\t<\/div>\n\t\t<\/section>\n\t\t\t\t<\/div>","protected":false},"excerpt":{"rendered":"<p>Aviso Legal El presente documento tiene como finalidad el establecer y regular las normas de uso del Sitio pilafestudio.com (en adelante el \u00abSitio\u00bb), entendiendo por Sitio todas las p\u00e1ginas y sus contenidos propiedad de Rafael Villarraso Boluda, a las cuales se accede a trav\u00e9s del dominio pilafestudio.com y sus subdominios.La utilizaci\u00f3n del Sitio atribuye la [&hellip;]<\/p>","protected":false},"author":1,"featured_media":0,"parent":0,"menu_order":0,"comment_status":"closed","ping_status":"closed","template":"","meta":{"_sitemap_exclude":false,"_sitemap_priority":"","_sitemap_frequency":"","footnotes":""},"class_list":["post-2561","page","type-page","status-publish","hentry"],"yoast_head":"<!-- This site is optimized with the Yoast SEO plugin v25.9 - https:\/\/yoast.com\/wordpress\/plugins\/seo\/ -->\n<title>Aviso Legal - Pilaf Estudio<\/title>\n<meta name=\"robots\" content=\"index, follow, max-snippet:-1, max-image-preview:large, max-video-preview:-1\" \/>\n<link rel=\"canonical\" href=\"https:\/\/www.pilafestudio.com\/val\/aviso-legal\/\" \/>\n<meta property=\"og:locale\" content=\"ca_ES\" \/>\n<meta property=\"og:type\" content=\"article\" \/>\n<meta property=\"og:title\" content=\"Aviso Legal - Pilaf Estudio\" \/>\n<meta property=\"og:description\" content=\"Aviso Legal El presente documento tiene como finalidad el establecer y regular las normas de uso del Sitio pilafestudio.com (en adelante el \u00abSitio\u00bb), entendiendo por Sitio todas las p\u00e1ginas y sus contenidos propiedad de Rafael Villarraso Boluda, a las cuales se accede a trav\u00e9s del dominio pilafestudio.com y sus subdominios.La utilizaci\u00f3n del Sitio atribuye la [&hellip;]\" \/>\n<meta property=\"og:url\" content=\"https:\/\/www.pilafestudio.com\/val\/aviso-legal\/\" \/>\n<meta property=\"og:site_name\" content=\"Pilaf Estudio\" \/>\n<meta property=\"article:modified_time\" content=\"2022-11-18T10:38:19+00:00\" \/>\n<meta name=\"twitter:card\" content=\"summary_large_image\" \/>\n<meta name=\"twitter:label1\" content=\"Temps estimat de lectura\" \/>\n\t<meta name=\"twitter:data1\" content=\"4 minuts\" \/>\n<script type=\"application\/ld+json\" class=\"yoast-schema-graph\">{\"@context\":\"https:\/\/schema.org\",\"@graph\":[{\"@type\":\"WebPage\",\"@id\":\"https:\/\/www.pilafestudio.com\/aviso-legal\/\",\"url\":\"https:\/\/www.pilafestudio.com\/aviso-legal\/\",\"name\":\"Aviso Legal - Pilaf Estudio\",\"isPartOf\":{\"@id\":\"https:\/\/www.pilafestudio.com\/#website\"},\"datePublished\":\"2020-01-31T17:14:45+00:00\",\"dateModified\":\"2022-11-18T10:38:19+00:00\",\"breadcrumb\":{\"@id\":\"https:\/\/www.pilafestudio.com\/aviso-legal\/#breadcrumb\"},\"inLanguage\":\"ca\",\"potentialAction\":[{\"@type\":\"ReadAction\",\"target\":[\"https:\/\/www.pilafestudio.com\/aviso-legal\/\"]}]},{\"@type\":\"BreadcrumbList\",\"@id\":\"https:\/\/www.pilafestudio.com\/aviso-legal\/#breadcrumb\",\"itemListElement\":[{\"@type\":\"ListItem\",\"position\":1,\"name\":\"Portada\",\"item\":\"https:\/\/www.pilafestudio.com\/\"},{\"@type\":\"ListItem\",\"position\":2,\"name\":\"Aviso Legal\"}]},{\"@type\":\"WebSite\",\"@id\":\"https:\/\/www.pilafestudio.com\/#website\",\"url\":\"https:\/\/www.pilafestudio.com\/\",\"name\":\"Pilaf Estudio\",\"description\":\"Dise\u00f1o Web a Medida\",\"publisher\":{\"@id\":\"https:\/\/www.pilafestudio.com\/#\/schema\/person\/7eaac3fb2ccdb71db8ed1a4115fd4cbf\"},\"potentialAction\":[{\"@type\":\"SearchAction\",\"target\":{\"@type\":\"EntryPoint\",\"urlTemplate\":\"https:\/\/www.pilafestudio.com\/?s={search_term_string}\"},\"query-input\":{\"@type\":\"PropertyValueSpecification\",\"valueRequired\":true,\"valueName\":\"search_term_string\"}}],\"inLanguage\":\"ca\"},{\"@type\":[\"Person\",\"Organization\"],\"@id\":\"https:\/\/www.pilafestudio.com\/#\/schema\/person\/7eaac3fb2ccdb71db8ed1a4115fd4cbf\",\"name\":\"Rafa Villarraso\",\"image\":{\"@type\":\"ImageObject\",\"inLanguage\":\"ca\",\"@id\":\"https:\/\/www.pilafestudio.com\/#\/schema\/person\/image\/\",\"url\":\"https:\/\/www.pilafestudio.com\/wp-content\/uploads\/2019\/06\/RafaRigP.gif\",\"contentUrl\":\"https:\/\/www.pilafestudio.com\/wp-content\/uploads\/2019\/06\/RafaRigP.gif\",\"width\":200,\"height\":200,\"caption\":\"Rafa Villarraso\"},\"logo\":{\"@id\":\"https:\/\/www.pilafestudio.com\/#\/schema\/person\/image\/\"}}]}<\/script>\n<!-- \/ Yoast SEO plugin. -->","yoast_head_json":{"title":"Aviso Legal - Pilaf Estudio","robots":{"index":"index","follow":"follow","max-snippet":"max-snippet:-1","max-image-preview":"max-image-preview:large","max-video-preview":"max-video-preview:-1"},"canonical":"https:\/\/www.pilafestudio.com\/val\/aviso-legal\/","og_locale":"ca_ES","og_type":"article","og_title":"Aviso Legal - Pilaf Estudio","og_description":"Aviso Legal El presente documento tiene como finalidad el establecer y regular las normas de uso del Sitio pilafestudio.com (en adelante el \u00abSitio\u00bb), entendiendo por Sitio todas las p\u00e1ginas y sus contenidos propiedad de Rafael Villarraso Boluda, a las cuales se accede a trav\u00e9s del dominio pilafestudio.com y sus subdominios.La utilizaci\u00f3n del Sitio atribuye la [&hellip;]","og_url":"https:\/\/www.pilafestudio.com\/val\/aviso-legal\/","og_site_name":"Pilaf Estudio","article_modified_time":"2022-11-18T10:38:19+00:00","twitter_card":"summary_large_image","twitter_misc":{"Temps estimat de lectura":"4 minuts"},"schema":{"@context":"https:\/\/schema.org","@graph":[{"@type":"WebPage","@id":"https:\/\/www.pilafestudio.com\/aviso-legal\/","url":"https:\/\/www.pilafestudio.com\/aviso-legal\/","name":"Aviso Legal - Pilaf Estudio","isPartOf":{"@id":"https:\/\/www.pilafestudio.com\/#website"},"datePublished":"2020-01-31T17:14:45+00:00","dateModified":"2022-11-18T10:38:19+00:00","breadcrumb":{"@id":"https:\/\/www.pilafestudio.com\/aviso-legal\/#breadcrumb"},"inLanguage":"ca","potentialAction":[{"@type":"ReadAction","target":["https:\/\/www.pilafestudio.com\/aviso-legal\/"]}]},{"@type":"BreadcrumbList","@id":"https:\/\/www.pilafestudio.com\/aviso-legal\/#breadcrumb","itemListElement":[{"@type":"ListItem","position":1,"name":"Portada","item":"https:\/\/www.pilafestudio.com\/"},{"@type":"ListItem","position":2,"name":"Aviso Legal"}]},{"@type":"WebSite","@id":"https:\/\/www.pilafestudio.com\/#website","url":"https:\/\/www.pilafestudio.com\/","name":"Pilaf Estudio","description":"Dise\u00f1o Web a Medida","publisher":{"@id":"https:\/\/www.pilafestudio.com\/#\/schema\/person\/7eaac3fb2ccdb71db8ed1a4115fd4cbf"},"potentialAction":[{"@type":"SearchAction","target":{"@type":"EntryPoint","urlTemplate":"https:\/\/www.pilafestudio.com\/?s={search_term_string}"},"query-input":{"@type":"PropertyValueSpecification","valueRequired":true,"valueName":"search_term_string"}}],"inLanguage":"ca"},{"@type":["Person","Organization"],"@id":"https:\/\/www.pilafestudio.com\/#\/schema\/person\/7eaac3fb2ccdb71db8ed1a4115fd4cbf","name":"Rafa Villarraso","image":{"@type":"ImageObject","inLanguage":"ca","@id":"https:\/\/www.pilafestudio.com\/#\/schema\/person\/image\/","url":"https:\/\/www.pilafestudio.com\/wp-content\/uploads\/2019\/06\/RafaRigP.gif","contentUrl":"https:\/\/www.pilafestudio.com\/wp-content\/uploads\/2019\/06\/RafaRigP.gif","width":200,"height":200,"caption":"Rafa Villarraso"},"logo":{"@id":"https:\/\/www.pilafestudio.com\/#\/schema\/person\/image\/"}}]}},"_links":{"self":[{"href":"https:\/\/www.pilafestudio.com\/val\/wp-json\/wp\/v2\/pages\/2561","targetHints":{"allow":["GET"]}}],"collection":[{"href":"https:\/\/www.pilafestudio.com\/val\/wp-json\/wp\/v2\/pages"}],"about":[{"href":"https:\/\/www.pilafestudio.com\/val\/wp-json\/wp\/v2\/types\/page"}],"author":[{"embeddable":true,"href":"https:\/\/www.pilafestudio.com\/val\/wp-json\/wp\/v2\/users\/1"}],"replies":[{"embeddable":true,"href":"https:\/\/www.pilafestudio.com\/val\/wp-json\/wp\/v2\/comments?post=2561"}],"version-history":[{"count":13,"href":"https:\/\/www.pilafestudio.com\/val\/wp-json\/wp\/v2\/pages\/2561\/revisions"}],"predecessor-version":[{"id":3976,"href":"https:\/\/www.pilafestudio.com\/val\/wp-json\/wp\/v2\/pages\/2561\/revisions\/3976"}],"wp:attachment":[{"href":"https:\/\/www.pilafestudio.com\/val\/wp-json\/wp\/v2\/media?parent=2561"}],"curies":[{"name":"wp","href":"https:\/\/api.w.org\/{rel}","templated":true}]}}