{"id":4042,"date":"2022-11-22T09:28:50","date_gmt":"2022-11-22T09:28:50","guid":{"rendered":"https:\/\/www.pilafestudio.com\/?page_id=4042"},"modified":"2022-12-23T09:44:23","modified_gmt":"2022-12-23T09:44:23","slug":"agencias","status":"publish","type":"page","link":"https:\/\/www.pilafestudio.com\/val\/agencias\/","title":{"rendered":"Agencias"},"content":{"rendered":"<div data-elementor-type=\"wp-page\" data-elementor-id=\"4042\" class=\"elementor elementor-4042\">\n\t\t\t\t\t\t<section class=\"elementor-section elementor-top-section elementor-element elementor-element-1006107 elementor-section-boxed elementor-section-height-default elementor-section-height-default\" data-id=\"1006107\" data-element_type=\"section\">\n\t\t\t\t\t\t<div class=\"elementor-container elementor-column-gap-default\">\n\t\t\t\t\t<div class=\"elementor-column elementor-col-100 elementor-top-column elementor-element elementor-element-b33371a\" data-id=\"b33371a\" data-element_type=\"column\">\n\t\t\t<div class=\"elementor-widget-wrap elementor-element-populated\">\n\t\t\t\t\t\t<div class=\"elementor-element elementor-element-ff98a14 elementor-widget elementor-widget-heading\" data-id=\"ff98a14\" data-element_type=\"widget\" data-widget_type=\"heading.default\">\n\t\t\t\t<div class=\"elementor-widget-container\">\n\t\t\t\t\t<h2 class=\"elementor-heading-title elementor-size-default\">Servei de suport a ag\u00e8ncies creatives<\/h2>\t\t\t\t<\/div>\n\t\t\t\t<\/div>\n\t\t\t\t\t<\/div>\n\t\t<\/div>\n\t\t\t\t\t<\/div>\n\t\t<\/section>\n\t\t\t\t<section class=\"elementor-section elementor-top-section elementor-element elementor-element-e683797 elementor-section-boxed elementor-section-height-default elementor-section-height-default\" data-id=\"e683797\" data-element_type=\"section\">\n\t\t\t\t\t\t<div class=\"elementor-container elementor-column-gap-default\">\n\t\t\t\t\t<div class=\"elementor-column elementor-col-50 elementor-top-column elementor-element elementor-element-eb63552\" data-id=\"eb63552\" data-element_type=\"column\">\n\t\t\t<div class=\"elementor-widget-wrap elementor-element-populated\">\n\t\t\t\t\t\t<div class=\"elementor-element elementor-element-ab63328 elementor-widget elementor-widget-text-editor\" data-id=\"ab63328\" data-element_type=\"widget\" data-widget_type=\"text-editor.default\">\n\t\t\t\t<div class=\"elementor-widget-container\">\n\t\t\t\t\t\t\t\t\t<p>Des de Pilaf Estudi podem oferir-te suport per als teus projectes de disseny web. Des del prototipat, fins a la implantaci\u00f3 en wordpress, passant per la definici\u00f3 del <a href=\"https:\/\/www.pilafestudio.com\/val\/diseno-ui\/\" target=\"_blank\" rel=\"noopener\">disseny UI<\/a> i creaci\u00f3n de mockups.<\/p>\t\t\t\t\t\t\t\t<\/div>\n\t\t\t\t<\/div>\n\t\t\t\t<div class=\"elementor-element elementor-element-17afb18 elementor-widget elementor-widget-text-editor\" data-id=\"17afb18\" data-element_type=\"widget\" data-widget_type=\"text-editor.default\">\n\t\t\t\t<div class=\"elementor-widget-container\">\n\t\t\t\t\t\t\t\t\t<p>Altre tipus de col\u00b7laboracions \u00e9s la <strong>creaci\u00f3 d'animacions<\/strong> per a dotar de major flu\u00efdesa a l'experi\u00e8ncia. Dissenyem en After Effects per a integrar-les en el lloc web mitjan\u00e7ant JSON, GIF o  v\u00eddeo incrustat, segons les teves necessitats.<\/p>\t\t\t\t\t\t\t\t<\/div>\n\t\t\t\t<\/div>\n\t\t\t\t<div class=\"elementor-element elementor-element-615e9cc elementor-widget elementor-widget-text-editor\" data-id=\"615e9cc\" data-element_type=\"widget\" data-widget_type=\"text-editor.default\">\n\t\t\t\t<div class=\"elementor-widget-container\">\n\t\t\t\t\t\t\t\t\t<p>Si creus que podem encaixar en el teu nou projecte no dubtes a contactar i ens coneixem \ud83d\ude09<\/p>\t\t\t\t\t\t\t\t<\/div>\n\t\t\t\t<\/div>\n\t\t\t\t\t<\/div>\n\t\t<\/div>\n\t\t\t\t<div class=\"elementor-column elementor-col-50 elementor-top-column elementor-element elementor-element-1159d54 elementor-hidden-tablet\" data-id=\"1159d54\" data-element_type=\"column\">\n\t\t\t<div class=\"elementor-widget-wrap\">\n\t\t\t\t\t\t\t<\/div>\n\t\t<\/div>\n\t\t\t\t\t<\/div>\n\t\t<\/section>\n\t\t\t\t<section class=\"elementor-section elementor-top-section elementor-element elementor-element-1c4263e7 elementor-section-boxed elementor-section-height-default elementor-section-height-default\" data-id=\"1c4263e7\" data-element_type=\"section\">\n\t\t\t\t\t\t<div class=\"elementor-container elementor-column-gap-wide\">\n\t\t\t\t\t<div class=\"elementor-column elementor-col-50 elementor-top-column elementor-element elementor-element-89df40b\" data-id=\"89df40b\" data-element_type=\"column\">\n\t\t\t<div class=\"elementor-widget-wrap elementor-element-populated\">\n\t\t\t\t\t\t<div class=\"elementor-element elementor-element-3bbe8a50 elementor-widget elementor-widget-heading\" data-id=\"3bbe8a50\" data-element_type=\"widget\" data-widget_type=\"heading.default\">\n\t\t\t\t<div class=\"elementor-widget-container\">\n\t\t\t\t\t<h2 class=\"elementor-heading-title elementor-size-default\">Contacte<\/h2>\t\t\t\t<\/div>\n\t\t\t\t<\/div>\n\t\t\t\t<div class=\"elementor-element elementor-element-f2084cd elementor-widget elementor-widget-heading\" data-id=\"f2084cd\" data-element_type=\"widget\" data-widget_type=\"heading.default\">\n\t\t\t\t<div class=\"elementor-widget-container\">\n\t\t\t\t\t<h5 class=\"elementor-heading-title elementor-size-default\">Pots telefonar o enviar whatsapp al +34 655 783 119<\/h5>\t\t\t\t<\/div>\n\t\t\t\t<\/div>\n\t\t\t\t<div class=\"elementor-element elementor-element-34cd9152 elementor-widget elementor-widget-spacer\" data-id=\"34cd9152\" data-element_type=\"widget\" data-widget_type=\"spacer.default\">\n\t\t\t\t<div class=\"elementor-widget-container\">\n\t\t\t\t\t\t\t<div class=\"elementor-spacer\">\n\t\t\t<div class=\"elementor-spacer-inner\"><\/div>\n\t\t<\/div>\n\t\t\t\t\t\t<\/div>\n\t\t\t\t<\/div>\n\t\t\t\t<div class=\"elementor-element elementor-element-8665df2 elementor-button-align-start animated-fast elementor-invisible elementor-widget elementor-widget-form\" data-id=\"8665df2\" data-element_type=\"widget\" id=\"formulario-con\" data-settings=\"{&quot;button_width&quot;:&quot;50&quot;,&quot;step_next_label&quot;:&quot;Next&quot;,&quot;step_previous_label&quot;:&quot;Previous&quot;,&quot;motion_fx_motion_fx_scrolling&quot;:&quot;yes&quot;,&quot;_animation&quot;:&quot;fadeInUp&quot;,&quot;step_type&quot;:&quot;number_text&quot;,&quot;step_icon_shape&quot;:&quot;circle&quot;,&quot;motion_fx_devices&quot;:[&quot;desktop&quot;,&quot;tablet&quot;,&quot;mobile&quot;]}\" data-widget_type=\"form.default\">\n\t\t\t\t<div class=\"elementor-widget-container\">\n\t\t\t\t\t\t\t<form class=\"elementor-form\" method=\"post\" name=\"Contacto\" action=\"\">\n\t\t\t<input type=\"hidden\" name=\"post_id\" value=\"4042\"\/>\n\t\t\t<input type=\"hidden\" name=\"form_id\" value=\"8665df2\"\/>\n\t\t\t<input type=\"hidden\" name=\"referer_title\" value=\"Pilaf Estudio\" \/>\n\n\t\t\t\n\t\t\t<div class=\"elementor-form-fields-wrapper elementor-labels-\">\n\t\t\t\t\t\t\t\t<div class=\"elementor-field-type-text elementor-field-group elementor-column elementor-field-group-name elementor-col-100 elementor-field-required\">\n\t\t\t\t\t\t\t\t\t\t\t\t<label for=\"form-field-name\" class=\"elementor-field-label elementor-screen-only\">\n\t\t\t\t\t\t\t\tName\t\t\t\t\t\t\t<\/label>\n\t\t\t\t\t\t\t\t\t\t\t\t\t\t<input size=\"1\" type=\"text\" name=\"form_fields[name]\" id=\"form-field-name\" class=\"elementor-field elementor-size-lg  elementor-field-textual\" placeholder=\"Nom\" required=\"required\" aria-required=\"true\">\n\t\t\t\t\t\t\t\t\t\t\t<\/div>\n\t\t\t\t\t\t\t\t<div class=\"elementor-field-type-email elementor-field-group elementor-column elementor-field-group-email elementor-col-100 elementor-field-required\">\n\t\t\t\t\t\t\t\t\t\t\t\t<label for=\"form-field-email\" class=\"elementor-field-label elementor-screen-only\">\n\t\t\t\t\t\t\t\tEmail\t\t\t\t\t\t\t<\/label>\n\t\t\t\t\t\t\t\t\t\t\t\t\t\t<input size=\"1\" type=\"email\" name=\"form_fields[email]\" id=\"form-field-email\" class=\"elementor-field elementor-size-lg  elementor-field-textual\" placeholder=\"Email\" required=\"required\" aria-required=\"true\">\n\t\t\t\t\t\t\t\t\t\t\t<\/div>\n\t\t\t\t\t\t\t\t<div class=\"elementor-field-type-textarea elementor-field-group elementor-column elementor-field-group-message elementor-col-100 elementor-field-required\">\n\t\t\t\t\t\t\t\t\t\t\t\t<label for=\"form-field-message\" class=\"elementor-field-label elementor-screen-only\">\n\t\t\t\t\t\t\t\tMessage\t\t\t\t\t\t\t<\/label>\n\t\t\t\t\t\t<textarea class=\"elementor-field-textual elementor-field  elementor-size-lg\" name=\"form_fields[message]\" id=\"form-field-message\" rows=\"4\" placeholder=\"Conta&#039;ns!\" required=\"required\" aria-required=\"true\"><\/textarea>\t\t\t\t<\/div>\n\t\t\t\t\t\t\t\t<div class=\"elementor-field-type-recaptcha elementor-field-group elementor-column elementor-field-group-field_5014678 elementor-col-100\">\n\t\t\t\t\t<div class=\"elementor-field\" id=\"form-field-field_5014678\"><div class=\"elementor-g-recaptcha\" data-sitekey=\"6LdfmAcjAAAAABvcakY77YQgNMLtoFlHqmIczXAK\" data-type=\"v2_checkbox\" data-theme=\"light\" data-size=\"normal\"><\/div><\/div>\t\t\t\t<\/div>\n\t\t\t\t\t\t\t\t<div class=\"elementor-field-type-acceptance elementor-field-group elementor-column elementor-field-group-field_a1aeb0f elementor-col-100 elementor-field-required\">\n\t\t\t\t\t\t\t<div class=\"elementor-field-subgroup\">\n\t\t\t<span class=\"elementor-field-option\">\n\t\t\t\t<input type=\"checkbox\" name=\"form_fields[field_a1aeb0f]\" id=\"form-field-field_a1aeb0f\" class=\"elementor-field elementor-size-lg  elementor-acceptance-field\" required=\"required\" aria-required=\"true\">\n\t\t\t\t<label for=\"form-field-field_a1aeb0f\">He llegit i acceptat la pol\u00edtica de privacitat<\/label>\t\t\t<\/span>\n\t\t<\/div>\n\t\t\t\t\t\t<\/div>\n\t\t\t\t\t\t\t\t<div class=\"elementor-field-group elementor-column elementor-field-type-submit elementor-col-50 e-form__buttons\">\n\t\t\t\t\t<button type=\"submit\" class=\"elementor-button elementor-size-lg\">\n\t\t\t\t\t\t<span >\n\t\t\t\t\t\t\t\t\t\t\t\t\t\t\t<span class=\"elementor-button-icon\">\n\t\t\t\t\t\t\t\t\t\t\t\t\t\t\t\t\t\t\t\t\t\t\t\t\t\t<\/span>\n\t\t\t\t\t\t\t\t\t\t\t\t\t\t\t\t\t\t\t\t\t\t<span class=\"elementor-button-text\">ENVIAR<\/span>\n\t\t\t\t\t\t\t\t\t\t\t\t\t<\/span>\n\t\t\t\t\t<\/button>\n\t\t\t\t<\/div>\n\t\t\t<\/div>\n\t\t<input type=\"hidden\" name=\"trp-form-language\" value=\"val\"\/><\/form>\n\t\t\t\t\t\t<\/div>\n\t\t\t\t<\/div>\n\t\t\t\t<div class=\"elementor-element elementor-element-586a66d7 elementor-widget elementor-widget-spacer\" data-id=\"586a66d7\" data-element_type=\"widget\" data-widget_type=\"spacer.default\">\n\t\t\t\t<div class=\"elementor-widget-container\">\n\t\t\t\t\t\t\t<div class=\"elementor-spacer\">\n\t\t\t<div class=\"elementor-spacer-inner\"><\/div>\n\t\t<\/div>\n\t\t\t\t\t\t<\/div>\n\t\t\t\t<\/div>\n\t\t\t\t<div class=\"elementor-element elementor-element-60c832db elementor-widget elementor-widget-text-editor\" data-id=\"60c832db\" data-element_type=\"widget\" data-widget_type=\"text-editor.default\">\n\t\t\t\t<div class=\"elementor-widget-container\">\n\t\t\t\t\t\t\t\t\t<p><small>Informaci\u00f3 b\u00e0sica sobre la protecci\u00f3 de dades: Responsable: Rafael Villarraso Boluda (Pilaf Estudio). Finalitat: Este formulari recull les dades m\u00ednimes per a gestionar consultes, les seues dades no seran usades per a prospecci\u00f3 comercial. Legitimaci\u00f3: Consentiment de l'interessat. Destinataris: Pilaf Estudio. Drets: Accedir, rectificar i suprimir les dades, aix\u00ed com altres drets, tal com s'explica a la <a href=\"https:\/\/www.pilafestudio.com\/val\/politica-de-privacidad\/\"><u>pol\u00edtica de privacitat<\/u><\/a>.<\/small><\/p>\n<!-- \/wp:html -->\t\t\t\t\t\t\t\t<\/div>\n\t\t\t\t<\/div>\n\t\t\t\t\t<\/div>\n\t\t<\/div>\n\t\t\t\t<div class=\"elementor-column elementor-col-50 elementor-top-column elementor-element elementor-element-8666fac elementor-hidden-tablet elementor-hidden-mobile\" data-id=\"8666fac\" data-element_type=\"column\">\n\t\t\t<div class=\"elementor-widget-wrap\">\n\t\t\t\t\t\t\t<\/div>\n\t\t<\/div>\n\t\t\t\t\t<\/div>\n\t\t<\/section>\n\t\t\t\t<section class=\"elementor-section elementor-top-section elementor-element elementor-element-0eea9f4 elementor-section-boxed elementor-section-height-default elementor-section-height-default\" data-id=\"0eea9f4\" data-element_type=\"section\">\n\t\t\t\t\t\t<div class=\"elementor-container elementor-column-gap-default\">\n\t\t\t\t\t<div class=\"elementor-column elementor-col-100 elementor-top-column elementor-element elementor-element-9804f17\" data-id=\"9804f17\" data-element_type=\"column\">\n\t\t\t<div class=\"elementor-widget-wrap elementor-element-populated\">\n\t\t\t\t\t\t<div class=\"elementor-element elementor-element-69ff8a0 elementor-widget elementor-widget-spacer\" data-id=\"69ff8a0\" data-element_type=\"widget\" data-widget_type=\"spacer.default\">\n\t\t\t\t<div class=\"elementor-widget-container\">\n\t\t\t\t\t\t\t<div class=\"elementor-spacer\">\n\t\t\t<div class=\"elementor-spacer-inner\"><\/div>\n\t\t<\/div>\n\t\t\t\t\t\t<\/div>\n\t\t\t\t<\/div>\n\t\t\t\t\t<\/div>\n\t\t<\/div>\n\t\t\t\t\t<\/div>\n\t\t<\/section>\n\t\t\t\t<\/div>","protected":false},"excerpt":{"rendered":"<p>Servicio de apoyo a agencias creativas Desde Pilaf Estudio podemos ofrecerte apoyo para tus proyectos de dise\u00f1o web. Desde el prototipado, hasta la implantaci\u00f3n en wordpress, pasando por la definicion del dise\u00f1o UI y creaci\u00f3n de mockups. Otro tipo de colaboraciones son la creaci\u00f3n de animaciones para dotar de mayor fluidez a la experiencia. Dise\u00f1amos [&hellip;]<\/p>","protected":false},"author":1,"featured_media":0,"parent":0,"menu_order":0,"comment_status":"closed","ping_status":"closed","template":"","meta":{"_sitemap_exclude":false,"_sitemap_priority":"","_sitemap_frequency":"","footnotes":""},"class_list":["post-4042","page","type-page","status-publish","hentry"],"yoast_head":"<!-- This site is optimized with the Yoast SEO plugin v25.9 - https:\/\/yoast.com\/wordpress\/plugins\/seo\/ -->\n<title>Agencias - Pilaf Estudio<\/title>\n<meta name=\"robots\" content=\"index, follow, max-snippet:-1, max-image-preview:large, max-video-preview:-1\" \/>\n<link rel=\"canonical\" href=\"https:\/\/www.pilafestudio.com\/val\/agencias\/\" \/>\n<meta property=\"og:locale\" content=\"ca_ES\" \/>\n<meta property=\"og:type\" content=\"article\" \/>\n<meta property=\"og:title\" content=\"Agencias - Pilaf Estudio\" \/>\n<meta property=\"og:description\" content=\"Servicio de apoyo a agencias creativas Desde Pilaf Estudio podemos ofrecerte apoyo para tus proyectos de dise\u00f1o web. Desde el prototipado, hasta la implantaci\u00f3n en wordpress, pasando por la definicion del dise\u00f1o UI y creaci\u00f3n de mockups. Otro tipo de colaboraciones son la creaci\u00f3n de animaciones para dotar de mayor fluidez a la experiencia. Dise\u00f1amos [&hellip;]\" \/>\n<meta property=\"og:url\" content=\"https:\/\/www.pilafestudio.com\/val\/agencias\/\" \/>\n<meta property=\"og:site_name\" content=\"Pilaf Estudio\" \/>\n<meta property=\"article:modified_time\" content=\"2022-12-23T09:44:23+00:00\" \/>\n<meta name=\"twitter:card\" content=\"summary_large_image\" \/>\n<meta name=\"twitter:label1\" content=\"Temps estimat de lectura\" \/>\n\t<meta name=\"twitter:data1\" content=\"1 minut\" \/>\n<script type=\"application\/ld+json\" class=\"yoast-schema-graph\">{\"@context\":\"https:\/\/schema.org\",\"@graph\":[{\"@type\":\"WebPage\",\"@id\":\"https:\/\/www.pilafestudio.com\/agencias\/\",\"url\":\"https:\/\/www.pilafestudio.com\/agencias\/\",\"name\":\"Agencias - Pilaf Estudio\",\"isPartOf\":{\"@id\":\"https:\/\/www.pilafestudio.com\/#website\"},\"datePublished\":\"2022-11-22T09:28:50+00:00\",\"dateModified\":\"2022-12-23T09:44:23+00:00\",\"breadcrumb\":{\"@id\":\"https:\/\/www.pilafestudio.com\/agencias\/#breadcrumb\"},\"inLanguage\":\"ca\",\"potentialAction\":[{\"@type\":\"ReadAction\",\"target\":[\"https:\/\/www.pilafestudio.com\/agencias\/\"]}]},{\"@type\":\"BreadcrumbList\",\"@id\":\"https:\/\/www.pilafestudio.com\/agencias\/#breadcrumb\",\"itemListElement\":[{\"@type\":\"ListItem\",\"position\":1,\"name\":\"Portada\",\"item\":\"https:\/\/www.pilafestudio.com\/\"},{\"@type\":\"ListItem\",\"position\":2,\"name\":\"Agencias\"}]},{\"@type\":\"WebSite\",\"@id\":\"https:\/\/www.pilafestudio.com\/#website\",\"url\":\"https:\/\/www.pilafestudio.com\/\",\"name\":\"Pilaf Estudio\",\"description\":\"Dise\u00f1o Web a Medida\",\"publisher\":{\"@id\":\"https:\/\/www.pilafestudio.com\/#\/schema\/person\/7eaac3fb2ccdb71db8ed1a4115fd4cbf\"},\"potentialAction\":[{\"@type\":\"SearchAction\",\"target\":{\"@type\":\"EntryPoint\",\"urlTemplate\":\"https:\/\/www.pilafestudio.com\/?s={search_term_string}\"},\"query-input\":{\"@type\":\"PropertyValueSpecification\",\"valueRequired\":true,\"valueName\":\"search_term_string\"}}],\"inLanguage\":\"ca\"},{\"@type\":[\"Person\",\"Organization\"],\"@id\":\"https:\/\/www.pilafestudio.com\/#\/schema\/person\/7eaac3fb2ccdb71db8ed1a4115fd4cbf\",\"name\":\"Rafa Villarraso\",\"image\":{\"@type\":\"ImageObject\",\"inLanguage\":\"ca\",\"@id\":\"https:\/\/www.pilafestudio.com\/#\/schema\/person\/image\/\",\"url\":\"https:\/\/www.pilafestudio.com\/wp-content\/uploads\/2019\/06\/RafaRigP.gif\",\"contentUrl\":\"https:\/\/www.pilafestudio.com\/wp-content\/uploads\/2019\/06\/RafaRigP.gif\",\"width\":200,\"height\":200,\"caption\":\"Rafa Villarraso\"},\"logo\":{\"@id\":\"https:\/\/www.pilafestudio.com\/#\/schema\/person\/image\/\"}}]}<\/script>\n<!-- \/ Yoast SEO plugin. -->","yoast_head_json":{"title":"Agencias - Pilaf Estudio","robots":{"index":"index","follow":"follow","max-snippet":"max-snippet:-1","max-image-preview":"max-image-preview:large","max-video-preview":"max-video-preview:-1"},"canonical":"https:\/\/www.pilafestudio.com\/val\/agencias\/","og_locale":"ca_ES","og_type":"article","og_title":"Agencias - Pilaf Estudio","og_description":"Servicio de apoyo a agencias creativas Desde Pilaf Estudio podemos ofrecerte apoyo para tus proyectos de dise\u00f1o web. Desde el prototipado, hasta la implantaci\u00f3n en wordpress, pasando por la definicion del dise\u00f1o UI y creaci\u00f3n de mockups. Otro tipo de colaboraciones son la creaci\u00f3n de animaciones para dotar de mayor fluidez a la experiencia. Dise\u00f1amos [&hellip;]","og_url":"https:\/\/www.pilafestudio.com\/val\/agencias\/","og_site_name":"Pilaf Estudio","article_modified_time":"2022-12-23T09:44:23+00:00","twitter_card":"summary_large_image","twitter_misc":{"Temps estimat de lectura":"1 minut"},"schema":{"@context":"https:\/\/schema.org","@graph":[{"@type":"WebPage","@id":"https:\/\/www.pilafestudio.com\/agencias\/","url":"https:\/\/www.pilafestudio.com\/agencias\/","name":"Agencias - Pilaf Estudio","isPartOf":{"@id":"https:\/\/www.pilafestudio.com\/#website"},"datePublished":"2022-11-22T09:28:50+00:00","dateModified":"2022-12-23T09:44:23+00:00","breadcrumb":{"@id":"https:\/\/www.pilafestudio.com\/agencias\/#breadcrumb"},"inLanguage":"ca","potentialAction":[{"@type":"ReadAction","target":["https:\/\/www.pilafestudio.com\/agencias\/"]}]},{"@type":"BreadcrumbList","@id":"https:\/\/www.pilafestudio.com\/agencias\/#breadcrumb","itemListElement":[{"@type":"ListItem","position":1,"name":"Portada","item":"https:\/\/www.pilafestudio.com\/"},{"@type":"ListItem","position":2,"name":"Agencias"}]},{"@type":"WebSite","@id":"https:\/\/www.pilafestudio.com\/#website","url":"https:\/\/www.pilafestudio.com\/","name":"Pilaf Estudio","description":"Dise\u00f1o Web a Medida","publisher":{"@id":"https:\/\/www.pilafestudio.com\/#\/schema\/person\/7eaac3fb2ccdb71db8ed1a4115fd4cbf"},"potentialAction":[{"@type":"SearchAction","target":{"@type":"EntryPoint","urlTemplate":"https:\/\/www.pilafestudio.com\/?s={search_term_string}"},"query-input":{"@type":"PropertyValueSpecification","valueRequired":true,"valueName":"search_term_string"}}],"inLanguage":"ca"},{"@type":["Person","Organization"],"@id":"https:\/\/www.pilafestudio.com\/#\/schema\/person\/7eaac3fb2ccdb71db8ed1a4115fd4cbf","name":"Rafa Villarraso","image":{"@type":"ImageObject","inLanguage":"ca","@id":"https:\/\/www.pilafestudio.com\/#\/schema\/person\/image\/","url":"https:\/\/www.pilafestudio.com\/wp-content\/uploads\/2019\/06\/RafaRigP.gif","contentUrl":"https:\/\/www.pilafestudio.com\/wp-content\/uploads\/2019\/06\/RafaRigP.gif","width":200,"height":200,"caption":"Rafa Villarraso"},"logo":{"@id":"https:\/\/www.pilafestudio.com\/#\/schema\/person\/image\/"}}]}},"_links":{"self":[{"href":"https:\/\/www.pilafestudio.com\/val\/wp-json\/wp\/v2\/pages\/4042","targetHints":{"allow":["GET"]}}],"collection":[{"href":"https:\/\/www.pilafestudio.com\/val\/wp-json\/wp\/v2\/pages"}],"about":[{"href":"https:\/\/www.pilafestudio.com\/val\/wp-json\/wp\/v2\/types\/page"}],"author":[{"embeddable":true,"href":"https:\/\/www.pilafestudio.com\/val\/wp-json\/wp\/v2\/users\/1"}],"replies":[{"embeddable":true,"href":"https:\/\/www.pilafestudio.com\/val\/wp-json\/wp\/v2\/comments?post=4042"}],"version-history":[{"count":16,"href":"https:\/\/www.pilafestudio.com\/val\/wp-json\/wp\/v2\/pages\/4042\/revisions"}],"predecessor-version":[{"id":5130,"href":"https:\/\/www.pilafestudio.com\/val\/wp-json\/wp\/v2\/pages\/4042\/revisions\/5130"}],"wp:attachment":[{"href":"https:\/\/www.pilafestudio.com\/val\/wp-json\/wp\/v2\/media?parent=4042"}],"curies":[{"name":"wp","href":"https:\/\/api.w.org\/{rel}","templated":true}]}}