{"id":4292,"date":"2022-11-30T10:55:21","date_gmt":"2022-11-30T10:55:21","guid":{"rendered":"https:\/\/www.pilafestudio.com\/?page_id=4292"},"modified":"2023-09-26T11:00:29","modified_gmt":"2023-09-26T11:00:29","slug":"estudio-diseno-web","status":"publish","type":"page","link":"https:\/\/www.pilafestudio.com\/val\/estudio-diseno-web\/","title":{"rendered":"Estudio de dise\u00f1o web"},"content":{"rendered":"<div data-elementor-type=\"wp-page\" data-elementor-id=\"4292\" class=\"elementor elementor-4292\">\n\t\t\t\t\t\t<section class=\"elementor-section elementor-top-section elementor-element elementor-element-bc31a4c elementor-hidden-mobile elementor-section-boxed elementor-section-height-default elementor-section-height-default\" data-id=\"bc31a4c\" data-element_type=\"section\">\n\t\t\t\t\t\t<div class=\"elementor-container elementor-column-gap-default\">\n\t\t\t\t\t<div class=\"elementor-column elementor-col-100 elementor-top-column elementor-element elementor-element-b2ea04c\" data-id=\"b2ea04c\" data-element_type=\"column\">\n\t\t\t<div class=\"elementor-widget-wrap elementor-element-populated\">\n\t\t\t\t\t\t<div class=\"elementor-element elementor-element-b718eb7 elementor-widget elementor-widget-spacer\" data-id=\"b718eb7\" data-element_type=\"widget\" data-widget_type=\"spacer.default\">\n\t\t\t\t<div class=\"elementor-widget-container\">\n\t\t\t\t\t\t\t<div class=\"elementor-spacer\">\n\t\t\t<div class=\"elementor-spacer-inner\"><\/div>\n\t\t<\/div>\n\t\t\t\t\t\t<\/div>\n\t\t\t\t<\/div>\n\t\t\t\t\t<\/div>\n\t\t<\/div>\n\t\t\t\t\t<\/div>\n\t\t<\/section>\n\t\t\t\t<section class=\"elementor-section elementor-top-section elementor-element elementor-element-b714b5b elementor-section-boxed elementor-section-height-default elementor-section-height-default\" data-id=\"b714b5b\" data-element_type=\"section\">\n\t\t\t\t\t\t<div class=\"elementor-container elementor-column-gap-wider\">\n\t\t\t\t\t<div class=\"elementor-column elementor-col-50 elementor-top-column elementor-element elementor-element-a7e4ec2\" data-id=\"a7e4ec2\" data-element_type=\"column\">\n\t\t\t<div class=\"elementor-widget-wrap elementor-element-populated\">\n\t\t\t\t\t\t<div class=\"elementor-element elementor-element-b8992b5 elementor-widget elementor-widget-heading\" data-id=\"b8992b5\" data-element_type=\"widget\" data-widget_type=\"heading.default\">\n\t\t\t\t<div class=\"elementor-widget-container\">\n\t\t\t\t\t<h2 class=\"elementor-heading-title elementor-size-default\">Estudi de Disseny y Maquetaci\u00f3 Web<\/h2>\t\t\t\t<\/div>\n\t\t\t\t<\/div>\n\t\t\t\t\t<\/div>\n\t\t<\/div>\n\t\t\t\t<div class=\"elementor-column elementor-col-50 elementor-top-column elementor-element elementor-element-e97a9db\" data-id=\"e97a9db\" data-element_type=\"column\">\n\t\t\t<div class=\"elementor-widget-wrap\">\n\t\t\t\t\t\t\t<\/div>\n\t\t<\/div>\n\t\t\t\t\t<\/div>\n\t\t<\/section>\n\t\t\t\t<section class=\"elementor-section elementor-top-section elementor-element elementor-element-e683797 elementor-section-boxed elementor-section-height-default elementor-section-height-default\" data-id=\"e683797\" data-element_type=\"section\">\n\t\t\t\t\t\t<div class=\"elementor-container elementor-column-gap-wider\">\n\t\t\t\t\t<div class=\"elementor-column elementor-col-50 elementor-top-column elementor-element elementor-element-eb63552\" data-id=\"eb63552\" data-element_type=\"column\">\n\t\t\t<div class=\"elementor-widget-wrap elementor-element-populated\">\n\t\t\t\t\t\t<div class=\"elementor-element elementor-element-54f9983 elementor-widget elementor-widget-text-editor\" data-id=\"54f9983\" data-element_type=\"widget\" data-widget_type=\"text-editor.default\">\n\t\t\t\t<div class=\"elementor-widget-container\">\n\t\t\t\t\t\t\t\t\t<p>S\u00f3c Rafa Villarraso, dissenyador freelance. Vaig comen\u00e7ar com a dissenyador gr\u00e0fic amb la creaci\u00f3 d'imatges corporatives i maquetaci\u00f3 editorial, i despr\u00e9s d'anys de compaginar el treball de br\u00e0nding amb la creaci\u00f3 web, em vaig especialitzar en el disseny web a mida.<\/p><p>La dupla  <em>disseny gr\u00e0fic + web<\/em> genera productes digitals atractius i pensats per a convertir. Amb els processos de disseny aplicats a les  necessitats de la teva empresa, per a la creaci\u00f3 d'una web 100% customizada, aconseguim no sols que tingues pres\u00e8ncia digital, sin\u00f3 la soluci\u00f3 a un problema concret.<\/p>\t\t\t\t\t\t\t\t<\/div>\n\t\t\t\t<\/div>\n\t\t\t\t\t<\/div>\n\t\t<\/div>\n\t\t\t\t<div class=\"elementor-column elementor-col-50 elementor-top-column elementor-element elementor-element-4530cce\" data-id=\"4530cce\" data-element_type=\"column\">\n\t\t\t<div class=\"elementor-widget-wrap elementor-element-populated\">\n\t\t\t\t\t\t<div class=\"elementor-element elementor-element-ded954d elementor-widget elementor-widget-text-editor\" data-id=\"ded954d\" data-element_type=\"widget\" data-widget_type=\"text-editor.default\">\n\t\t\t\t<div class=\"elementor-widget-container\">\n\t\t\t\t\t\t\t\t\t<p>METODOLOGIA<\/p>\t\t\t\t\t\t\t\t<\/div>\n\t\t\t\t<\/div>\n\t\t\t\t<div class=\"elementor-element elementor-element-48623d9 elementor-widget elementor-widget-text-editor\" data-id=\"48623d9\" data-element_type=\"widget\" data-widget_type=\"text-editor.default\">\n\t\t\t\t<div class=\"elementor-widget-container\">\n\t\t\t\t\t\t\t\t\t<p><span style=\"font-family: 'DM Sans', sans-serif;\">El meu m\u00e8tode de treball passa per con\u00e8ixer-te, con\u00e8ixer la teva empresa, comprendre quins s\u00f3n els objectius i necessitats, i passar tot aix\u00f2 pel tam\u00eds del disseny i la usabilitat, per a arribar al producte final que et porte al seg\u00fcent nivell.<\/span><\/p><p>Tot aquest procediment \u00e9s incompatible amb l'\u00fas de plantilles o solucions prefabricades. Si necessites una web que et represente i que col\u00b7labore amb la consecuci\u00f3 dels teus objectius, el disseny personalitzat \u00e9s la proposta m\u00e9s honesta.<\/p>\t\t\t\t\t\t\t\t<\/div>\n\t\t\t\t<\/div>\n\t\t\t\t<div class=\"elementor-element elementor-element-fea6579 elementor-widget elementor-widget-text-editor\" data-id=\"fea6579\" data-element_type=\"widget\" data-widget_type=\"text-editor.default\">\n\t\t\t\t<div class=\"elementor-widget-container\">\n\t\t\t\t\t\t\t\t\t<p>COMPROM\u00cdS&nbsp;<\/p>\t\t\t\t\t\t\t\t<\/div>\n\t\t\t\t<\/div>\n\t\t\t\t<div class=\"elementor-element elementor-element-eac9ef7 elementor-widget elementor-widget-text-editor\" data-id=\"eac9ef7\" data-element_type=\"widget\" data-widget_type=\"text-editor.default\">\n\t\t\t\t<div class=\"elementor-widget-container\">\n\t\t\t\t\t\t\t\t\t<p>En Pilaf Estudio creiem en la possibilitat de desenvolupar els nostres projectes sense renunciar a les nostres arrels. Tenim al nostre abast la tecnologia necess\u00e0ria per a aix\u00f2, i el comprom\u00eds de mantindre els pobles vius.<\/p>\n<p>Desde Ontinyent, formamos parte del proyecto <a href=\"https:\/\/emprendedoresrurales.com\/\" target=\"_blank\" rel=\"noopener\">AER <\/a>(Associaci\u00f3n de Emprenedores Rurales) on col\u00b7laborem en les activitats que porten a la dinamitzaci\u00f3 de zones rurals.<\/p>\t\t\t\t\t\t\t\t<\/div>\n\t\t\t\t<\/div>\n\t\t\t\t\t<\/div>\n\t\t<\/div>\n\t\t\t\t\t<\/div>\n\t\t<\/section>\n\t\t\t\t<section class=\"elementor-section elementor-top-section elementor-element elementor-element-5cba188 elementor-section-boxed elementor-section-height-default elementor-section-height-default\" data-id=\"5cba188\" data-element_type=\"section\">\n\t\t\t\t\t\t<div class=\"elementor-container elementor-column-gap-wider\">\n\t\t\t\t\t<div class=\"elementor-column elementor-col-50 elementor-top-column elementor-element elementor-element-2d68215\" data-id=\"2d68215\" data-element_type=\"column\">\n\t\t\t<div class=\"elementor-widget-wrap\">\n\t\t\t\t\t\t\t<\/div>\n\t\t<\/div>\n\t\t\t\t<div class=\"elementor-column elementor-col-50 elementor-top-column elementor-element elementor-element-acaf8a3\" data-id=\"acaf8a3\" data-element_type=\"column\">\n\t\t\t<div class=\"elementor-widget-wrap\">\n\t\t\t\t\t\t\t<\/div>\n\t\t<\/div>\n\t\t\t\t\t<\/div>\n\t\t<\/section>\n\t\t\t\t<section class=\"elementor-section elementor-top-section elementor-element elementor-element-7d1703ae elementor-section-boxed elementor-section-height-default elementor-section-height-default\" data-id=\"7d1703ae\" data-element_type=\"section\">\n\t\t\t\t\t\t<div class=\"elementor-container elementor-column-gap-default\">\n\t\t\t\t\t<div class=\"elementor-column elementor-col-33 elementor-top-column elementor-element elementor-element-295ce465 elementor-hidden-mobile\" data-id=\"295ce465\" data-element_type=\"column\">\n\t\t\t<div class=\"elementor-widget-wrap elementor-element-populated\">\n\t\t\t\t\t\t<div class=\"elementor-element elementor-element-3659c14b elementor-widget elementor-widget-theme-site-logo elementor-widget-image\" data-id=\"3659c14b\" data-element_type=\"widget\" data-widget_type=\"theme-site-logo.default\">\n\t\t\t\t<div class=\"elementor-widget-container\">\n\t\t\t\t\t\t\t\t\t\t<div class=\"elementor-image\">\n\t\t\t\t\t\t\t\t<a href=\"https:\/\/www.pilafestudio.com\/val\">\n\t\t\t<img fetchpriority=\"high\" decoding=\"async\" width=\"2192\" height=\"1123\" src=\"https:\/\/www.pilafestudio.com\/wp-content\/uploads\/2023\/03\/logo.webp\" class=\"attachment-full size-full wp-image-5349\" alt=\"pilaf estudio logo\" srcset=\"https:\/\/www.pilafestudio.com\/wp-content\/uploads\/2023\/03\/logo.webp 2192w, https:\/\/www.pilafestudio.com\/wp-content\/uploads\/2023\/03\/logo-300x154.webp 300w, https:\/\/www.pilafestudio.com\/wp-content\/uploads\/2023\/03\/logo-1024x525.webp 1024w, https:\/\/www.pilafestudio.com\/wp-content\/uploads\/2023\/03\/logo-768x393.webp 768w, https:\/\/www.pilafestudio.com\/wp-content\/uploads\/2023\/03\/logo-1536x787.webp 1536w, https:\/\/www.pilafestudio.com\/wp-content\/uploads\/2023\/03\/logo-2048x1049.webp 2048w, https:\/\/www.pilafestudio.com\/wp-content\/uploads\/2023\/03\/logo-18x9.webp 18w\" sizes=\"(max-width: 2192px) 100vw, 2192px\" \/>\t\t\t\t<\/a>\n\t\t\t\t\t\t\t\t\t\t<\/div>\n\t\t\t\t\t\t\t\t<\/div>\n\t\t\t\t<\/div>\n\t\t\t\t\t<\/div>\n\t\t<\/div>\n\t\t\t\t<div class=\"elementor-column elementor-col-66 elementor-top-column elementor-element elementor-element-4a9811b8 animated-fast elementor-invisible\" data-id=\"4a9811b8\" data-element_type=\"column\" data-settings=\"{&quot;animation&quot;:&quot;fadeInRight&quot;}\">\n\t\t\t<div class=\"elementor-widget-wrap elementor-element-populated\">\n\t\t\t\t\t\t<div class=\"elementor-element elementor-element-323a427f elementor-widget elementor-widget-heading\" data-id=\"323a427f\" data-element_type=\"widget\" data-widget_type=\"heading.default\">\n\t\t\t\t<div class=\"elementor-widget-container\">\n\t\t\t\t\t<h2 class=\"elementor-heading-title elementor-size-default\">Est\u00e0s decidit a dur el teu negoci al lloc on pertany?<\/h2>\t\t\t\t<\/div>\n\t\t\t\t<\/div>\n\t\t\t\t<div class=\"elementor-element elementor-element-37aaa1b8 elementor-widget elementor-widget-text-editor\" data-id=\"37aaa1b8\" data-element_type=\"widget\" data-widget_type=\"text-editor.default\">\n\t\t\t\t<div class=\"elementor-widget-container\">\n\t\t\t\t\t\t\t\t\t<p>Ves amb compte! Tots els nostres productes estan 100% adaptats al teu projecte. Potser acabes agafant-nos estima.<\/p>\t\t\t\t\t\t\t\t<\/div>\n\t\t\t\t<\/div>\n\t\t\t\t<div class=\"elementor-element elementor-element-620eeabd elementor-invisible elementor-widget elementor-widget-button\" data-id=\"620eeabd\" data-element_type=\"widget\" data-settings=\"{&quot;_animation&quot;:&quot;fadeIn&quot;}\" data-widget_type=\"button.default\">\n\t\t\t\t<div class=\"elementor-widget-container\">\n\t\t\t\t\t\t\t\t\t<div class=\"elementor-button-wrapper\">\n\t\t\t\t\t<a class=\"elementor-button elementor-button-link elementor-size-sm\" href=\"https:\/\/www.pilafestudio.com\/val\/contacto\/\">\n\t\t\t\t\t\t<span class=\"elementor-button-content-wrapper\">\n\t\t\t\t\t\t\t\t\t<span class=\"elementor-button-text\">CONTACTAR<\/span>\n\t\t\t\t\t<\/span>\n\t\t\t\t\t<\/a>\n\t\t\t\t<\/div>\n\t\t\t\t\t\t\t\t<\/div>\n\t\t\t\t<\/div>\n\t\t\t\t\t<\/div>\n\t\t<\/div>\n\t\t\t\t\t<\/div>\n\t\t<\/section>\n\t\t\t\t<\/div>","protected":false},"excerpt":{"rendered":"<p>Estudio de Dise\u00f1o y Maquetaci\u00f3n Web Soy Rafa Villarraso, dise\u00f1ador freelance. Empec\u00e9 como dise\u00f1ador gr\u00e1fico para la creaci\u00f3n de im\u00e1genes corporativas y maquetaci\u00f3n editorial, y tras a\u00f1os de compaginar el trabajo de branding con la creaci\u00f3n web, me especialic\u00e9 en el dise\u00f1o web a medida. La dupla dise\u00f1o gr\u00e1fico + web genera productos digitales atractivos [&hellip;]<\/p>","protected":false},"author":1,"featured_media":0,"parent":0,"menu_order":0,"comment_status":"closed","ping_status":"closed","template":"","meta":{"_sitemap_exclude":false,"_sitemap_priority":"","_sitemap_frequency":"","footnotes":""},"class_list":["post-4292","page","type-page","status-publish","hentry"],"yoast_head":"<!-- This site is optimized with the Yoast SEO plugin v25.9 - https:\/\/yoast.com\/wordpress\/plugins\/seo\/ -->\n<title>Estudio de dise\u00f1o web - Pilaf Estudio<\/title>\n<meta name=\"description\" content=\"Estudio de dise\u00f1o y maquetaci\u00f3n web, especializado en el dise\u00f1o web personalizado. Nos unimos a tu proyecto para crear un producto \u00fanico.\" \/>\n<meta name=\"robots\" content=\"index, follow, max-snippet:-1, max-image-preview:large, max-video-preview:-1\" \/>\n<link rel=\"canonical\" href=\"https:\/\/www.pilafestudio.com\/val\/estudio-diseno-web\/\" \/>\n<meta property=\"og:locale\" content=\"ca_ES\" \/>\n<meta property=\"og:type\" content=\"article\" \/>\n<meta property=\"og:title\" content=\"Estudio de dise\u00f1o web - Pilaf Estudio\" \/>\n<meta property=\"og:description\" content=\"Estudio de dise\u00f1o y maquetaci\u00f3n web, especializado en el dise\u00f1o web personalizado. Nos unimos a tu proyecto para crear un producto \u00fanico.\" \/>\n<meta property=\"og:url\" content=\"https:\/\/www.pilafestudio.com\/val\/estudio-diseno-web\/\" \/>\n<meta property=\"og:site_name\" content=\"Pilaf Estudio\" \/>\n<meta property=\"article:modified_time\" content=\"2023-09-26T11:00:29+00:00\" \/>\n<meta name=\"twitter:card\" content=\"summary_large_image\" \/>\n<meta name=\"twitter:label1\" content=\"Temps estimat de lectura\" \/>\n\t<meta name=\"twitter:data1\" content=\"2 minuts\" \/>\n<script type=\"application\/ld+json\" class=\"yoast-schema-graph\">{\"@context\":\"https:\/\/schema.org\",\"@graph\":[{\"@type\":\"WebPage\",\"@id\":\"https:\/\/www.pilafestudio.com\/estudio-diseno-web\/\",\"url\":\"https:\/\/www.pilafestudio.com\/estudio-diseno-web\/\",\"name\":\"Estudio de dise\u00f1o web - Pilaf Estudio\",\"isPartOf\":{\"@id\":\"https:\/\/www.pilafestudio.com\/#website\"},\"datePublished\":\"2022-11-30T10:55:21+00:00\",\"dateModified\":\"2023-09-26T11:00:29+00:00\",\"description\":\"Estudio de dise\u00f1o y maquetaci\u00f3n web, especializado en el dise\u00f1o web personalizado. Nos unimos a tu proyecto para crear un producto \u00fanico.\",\"breadcrumb\":{\"@id\":\"https:\/\/www.pilafestudio.com\/estudio-diseno-web\/#breadcrumb\"},\"inLanguage\":\"ca\",\"potentialAction\":[{\"@type\":\"ReadAction\",\"target\":[\"https:\/\/www.pilafestudio.com\/estudio-diseno-web\/\"]}]},{\"@type\":\"BreadcrumbList\",\"@id\":\"https:\/\/www.pilafestudio.com\/estudio-diseno-web\/#breadcrumb\",\"itemListElement\":[{\"@type\":\"ListItem\",\"position\":1,\"name\":\"Portada\",\"item\":\"https:\/\/www.pilafestudio.com\/\"},{\"@type\":\"ListItem\",\"position\":2,\"name\":\"Estudio de dise\u00f1o web\"}]},{\"@type\":\"WebSite\",\"@id\":\"https:\/\/www.pilafestudio.com\/#website\",\"url\":\"https:\/\/www.pilafestudio.com\/\",\"name\":\"Pilaf Estudio\",\"description\":\"Dise\u00f1o Web a Medida\",\"publisher\":{\"@id\":\"https:\/\/www.pilafestudio.com\/#\/schema\/person\/7eaac3fb2ccdb71db8ed1a4115fd4cbf\"},\"potentialAction\":[{\"@type\":\"SearchAction\",\"target\":{\"@type\":\"EntryPoint\",\"urlTemplate\":\"https:\/\/www.pilafestudio.com\/?s={search_term_string}\"},\"query-input\":{\"@type\":\"PropertyValueSpecification\",\"valueRequired\":true,\"valueName\":\"search_term_string\"}}],\"inLanguage\":\"ca\"},{\"@type\":[\"Person\",\"Organization\"],\"@id\":\"https:\/\/www.pilafestudio.com\/#\/schema\/person\/7eaac3fb2ccdb71db8ed1a4115fd4cbf\",\"name\":\"Rafa Villarraso\",\"image\":{\"@type\":\"ImageObject\",\"inLanguage\":\"ca\",\"@id\":\"https:\/\/www.pilafestudio.com\/#\/schema\/person\/image\/\",\"url\":\"https:\/\/www.pilafestudio.com\/wp-content\/uploads\/2019\/06\/RafaRigP.gif\",\"contentUrl\":\"https:\/\/www.pilafestudio.com\/wp-content\/uploads\/2019\/06\/RafaRigP.gif\",\"width\":200,\"height\":200,\"caption\":\"Rafa Villarraso\"},\"logo\":{\"@id\":\"https:\/\/www.pilafestudio.com\/#\/schema\/person\/image\/\"}}]}<\/script>\n<!-- \/ Yoast SEO plugin. -->","yoast_head_json":{"title":"Estudio de dise\u00f1o web - Pilaf Estudio","description":"Estudio de dise\u00f1o y maquetaci\u00f3n web, especializado en el dise\u00f1o web personalizado. Nos unimos a tu proyecto para crear un producto \u00fanico.","robots":{"index":"index","follow":"follow","max-snippet":"max-snippet:-1","max-image-preview":"max-image-preview:large","max-video-preview":"max-video-preview:-1"},"canonical":"https:\/\/www.pilafestudio.com\/val\/estudio-diseno-web\/","og_locale":"ca_ES","og_type":"article","og_title":"Estudio de dise\u00f1o web - Pilaf Estudio","og_description":"Estudio de dise\u00f1o y maquetaci\u00f3n web, especializado en el dise\u00f1o web personalizado. Nos unimos a tu proyecto para crear un producto \u00fanico.","og_url":"https:\/\/www.pilafestudio.com\/val\/estudio-diseno-web\/","og_site_name":"Pilaf Estudio","article_modified_time":"2023-09-26T11:00:29+00:00","twitter_card":"summary_large_image","twitter_misc":{"Temps estimat de lectura":"2 minuts"},"schema":{"@context":"https:\/\/schema.org","@graph":[{"@type":"WebPage","@id":"https:\/\/www.pilafestudio.com\/estudio-diseno-web\/","url":"https:\/\/www.pilafestudio.com\/estudio-diseno-web\/","name":"Estudio de dise\u00f1o web - Pilaf Estudio","isPartOf":{"@id":"https:\/\/www.pilafestudio.com\/#website"},"datePublished":"2022-11-30T10:55:21+00:00","dateModified":"2023-09-26T11:00:29+00:00","description":"Estudio de dise\u00f1o y maquetaci\u00f3n web, especializado en el dise\u00f1o web personalizado. Nos unimos a tu proyecto para crear un producto \u00fanico.","breadcrumb":{"@id":"https:\/\/www.pilafestudio.com\/estudio-diseno-web\/#breadcrumb"},"inLanguage":"ca","potentialAction":[{"@type":"ReadAction","target":["https:\/\/www.pilafestudio.com\/estudio-diseno-web\/"]}]},{"@type":"BreadcrumbList","@id":"https:\/\/www.pilafestudio.com\/estudio-diseno-web\/#breadcrumb","itemListElement":[{"@type":"ListItem","position":1,"name":"Portada","item":"https:\/\/www.pilafestudio.com\/"},{"@type":"ListItem","position":2,"name":"Estudio de dise\u00f1o web"}]},{"@type":"WebSite","@id":"https:\/\/www.pilafestudio.com\/#website","url":"https:\/\/www.pilafestudio.com\/","name":"Pilaf Estudio","description":"Dise\u00f1o Web a Medida","publisher":{"@id":"https:\/\/www.pilafestudio.com\/#\/schema\/person\/7eaac3fb2ccdb71db8ed1a4115fd4cbf"},"potentialAction":[{"@type":"SearchAction","target":{"@type":"EntryPoint","urlTemplate":"https:\/\/www.pilafestudio.com\/?s={search_term_string}"},"query-input":{"@type":"PropertyValueSpecification","valueRequired":true,"valueName":"search_term_string"}}],"inLanguage":"ca"},{"@type":["Person","Organization"],"@id":"https:\/\/www.pilafestudio.com\/#\/schema\/person\/7eaac3fb2ccdb71db8ed1a4115fd4cbf","name":"Rafa Villarraso","image":{"@type":"ImageObject","inLanguage":"ca","@id":"https:\/\/www.pilafestudio.com\/#\/schema\/person\/image\/","url":"https:\/\/www.pilafestudio.com\/wp-content\/uploads\/2019\/06\/RafaRigP.gif","contentUrl":"https:\/\/www.pilafestudio.com\/wp-content\/uploads\/2019\/06\/RafaRigP.gif","width":200,"height":200,"caption":"Rafa Villarraso"},"logo":{"@id":"https:\/\/www.pilafestudio.com\/#\/schema\/person\/image\/"}}]}},"_links":{"self":[{"href":"https:\/\/www.pilafestudio.com\/val\/wp-json\/wp\/v2\/pages\/4292","targetHints":{"allow":["GET"]}}],"collection":[{"href":"https:\/\/www.pilafestudio.com\/val\/wp-json\/wp\/v2\/pages"}],"about":[{"href":"https:\/\/www.pilafestudio.com\/val\/wp-json\/wp\/v2\/types\/page"}],"author":[{"embeddable":true,"href":"https:\/\/www.pilafestudio.com\/val\/wp-json\/wp\/v2\/users\/1"}],"replies":[{"embeddable":true,"href":"https:\/\/www.pilafestudio.com\/val\/wp-json\/wp\/v2\/comments?post=4292"}],"version-history":[{"count":56,"href":"https:\/\/www.pilafestudio.com\/val\/wp-json\/wp\/v2\/pages\/4292\/revisions"}],"predecessor-version":[{"id":5561,"href":"https:\/\/www.pilafestudio.com\/val\/wp-json\/wp\/v2\/pages\/4292\/revisions\/5561"}],"wp:attachment":[{"href":"https:\/\/www.pilafestudio.com\/val\/wp-json\/wp\/v2\/media?parent=4292"}],"curies":[{"name":"wp","href":"https:\/\/api.w.org\/{rel}","templated":true}]}}