{"id":9,"date":"2017-01-02T12:49:56","date_gmt":"2017-01-02T12:49:56","guid":{"rendered":"http:\/\/rafavillarraso.com\/?page_id=9"},"modified":"2025-04-19T15:02:29","modified_gmt":"2025-04-19T15:02:29","slug":"contacto","status":"publish","type":"page","link":"https:\/\/www.pilafestudio.com\/val\/contacto\/","title":{"rendered":"Contacte"},"content":{"rendered":"<div data-elementor-type=\"wp-page\" data-elementor-id=\"9\" class=\"elementor elementor-9\">\n\t\t\t\t\t\t<section class=\"elementor-section elementor-top-section elementor-element elementor-element-fc83e77 elementor-section-boxed elementor-section-height-default elementor-section-height-default\" data-id=\"fc83e77\" data-element_type=\"section\">\n\t\t\t\t\t\t<div class=\"elementor-container elementor-column-gap-wide\">\n\t\t\t\t\t<div class=\"elementor-column elementor-col-50 elementor-top-column elementor-element elementor-element-39ec36c\" data-id=\"39ec36c\" data-element_type=\"column\">\n\t\t\t<div class=\"elementor-widget-wrap elementor-element-populated\">\n\t\t\t\t\t\t<div class=\"elementor-element elementor-element-ec735a6 elementor-hidden-mobile elementor-widget elementor-widget-spacer\" data-id=\"ec735a6\" data-element_type=\"widget\" data-widget_type=\"spacer.default\">\n\t\t\t\t<div class=\"elementor-widget-container\">\n\t\t\t\t\t\t\t<div class=\"elementor-spacer\">\n\t\t\t<div class=\"elementor-spacer-inner\"><\/div>\n\t\t<\/div>\n\t\t\t\t\t\t<\/div>\n\t\t\t\t<\/div>\n\t\t\t\t<div class=\"elementor-element elementor-element-17e91ba elementor-widget elementor-widget-heading\" data-id=\"17e91ba\" data-element_type=\"widget\" data-widget_type=\"heading.default\">\n\t\t\t\t<div class=\"elementor-widget-container\">\n\t\t\t\t\t<h2 class=\"elementor-heading-title elementor-size-default\">Contacte<\/h2>\t\t\t\t<\/div>\n\t\t\t\t<\/div>\n\t\t\t\t<div class=\"elementor-element elementor-element-1603602 elementor-widget elementor-widget-spacer\" data-id=\"1603602\" data-element_type=\"widget\" data-widget_type=\"spacer.default\">\n\t\t\t\t<div class=\"elementor-widget-container\">\n\t\t\t\t\t\t\t<div class=\"elementor-spacer\">\n\t\t\t<div class=\"elementor-spacer-inner\"><\/div>\n\t\t<\/div>\n\t\t\t\t\t\t<\/div>\n\t\t\t\t<\/div>\n\t\t\t\t<div class=\"elementor-element elementor-element-e7822c4 elementor-button-align-start animated-fast elementor-invisible elementor-widget elementor-widget-form\" data-id=\"e7822c4\" data-element_type=\"widget\" id=\"formulario-con\" data-settings=\"{&quot;button_width&quot;:&quot;50&quot;,&quot;step_next_label&quot;:&quot;Next&quot;,&quot;step_previous_label&quot;:&quot;Previous&quot;,&quot;motion_fx_motion_fx_scrolling&quot;:&quot;yes&quot;,&quot;_animation&quot;:&quot;fadeInUp&quot;,&quot;step_type&quot;:&quot;number_text&quot;,&quot;step_icon_shape&quot;:&quot;circle&quot;,&quot;motion_fx_devices&quot;:[&quot;desktop&quot;,&quot;tablet&quot;,&quot;mobile&quot;]}\" data-widget_type=\"form.default\">\n\t\t\t\t<div class=\"elementor-widget-container\">\n\t\t\t\t\t\t\t<form class=\"elementor-form\" method=\"post\" name=\"Contacto\" action=\"\">\n\t\t\t<input type=\"hidden\" name=\"post_id\" value=\"9\"\/>\n\t\t\t<input type=\"hidden\" name=\"form_id\" value=\"e7822c4\"\/>\n\t\t\t<input type=\"hidden\" name=\"referer_title\" value=\"Pilaf Estudio\" \/>\n\n\t\t\t\n\t\t\t<div class=\"elementor-form-fields-wrapper elementor-labels-\">\n\t\t\t\t\t\t\t\t<div class=\"elementor-field-type-text elementor-field-group elementor-column elementor-field-group-name elementor-col-100 elementor-field-required\">\n\t\t\t\t\t\t\t\t\t\t\t\t<label for=\"form-field-name\" class=\"elementor-field-label elementor-screen-only\">\n\t\t\t\t\t\t\t\tName\t\t\t\t\t\t\t<\/label>\n\t\t\t\t\t\t\t\t\t\t\t\t\t\t<input size=\"1\" type=\"text\" name=\"form_fields[name]\" id=\"form-field-name\" class=\"elementor-field elementor-size-lg  elementor-field-textual\" placeholder=\"Nom\" required=\"required\" aria-required=\"true\">\n\t\t\t\t\t\t\t\t\t\t\t<\/div>\n\t\t\t\t\t\t\t\t<div class=\"elementor-field-type-email elementor-field-group elementor-column elementor-field-group-email elementor-col-100 elementor-field-required\">\n\t\t\t\t\t\t\t\t\t\t\t\t<label for=\"form-field-email\" class=\"elementor-field-label elementor-screen-only\">\n\t\t\t\t\t\t\t\tEmail\t\t\t\t\t\t\t<\/label>\n\t\t\t\t\t\t\t\t\t\t\t\t\t\t<input size=\"1\" type=\"email\" name=\"form_fields[email]\" id=\"form-field-email\" class=\"elementor-field elementor-size-lg  elementor-field-textual\" placeholder=\"Email\" required=\"required\" aria-required=\"true\">\n\t\t\t\t\t\t\t\t\t\t\t<\/div>\n\t\t\t\t\t\t\t\t<div class=\"elementor-field-type-textarea elementor-field-group elementor-column elementor-field-group-message elementor-col-100 elementor-field-required\">\n\t\t\t\t\t\t\t\t\t\t\t\t<label for=\"form-field-message\" class=\"elementor-field-label elementor-screen-only\">\n\t\t\t\t\t\t\t\tMessage\t\t\t\t\t\t\t<\/label>\n\t\t\t\t\t\t<textarea class=\"elementor-field-textual elementor-field  elementor-size-lg\" name=\"form_fields[message]\" id=\"form-field-message\" rows=\"4\" placeholder=\"Conta&#039;ns!\" required=\"required\" aria-required=\"true\"><\/textarea>\t\t\t\t<\/div>\n\t\t\t\t\t\t\t\t<div class=\"elementor-field-type-recaptcha elementor-field-group elementor-column elementor-field-group-field_5014678 elementor-col-100\">\n\t\t\t\t\t<div class=\"elementor-field\" id=\"form-field-field_5014678\"><div class=\"elementor-g-recaptcha\" data-sitekey=\"6LdfmAcjAAAAABvcakY77YQgNMLtoFlHqmIczXAK\" data-type=\"v2_checkbox\" data-theme=\"light\" data-size=\"normal\"><\/div><\/div>\t\t\t\t<\/div>\n\t\t\t\t\t\t\t\t<div class=\"elementor-field-type-acceptance elementor-field-group elementor-column elementor-field-group-field_a1aeb0f elementor-col-100 elementor-field-required\">\n\t\t\t\t\t\t\t<div class=\"elementor-field-subgroup\">\n\t\t\t<span class=\"elementor-field-option\">\n\t\t\t\t<input type=\"checkbox\" name=\"form_fields[field_a1aeb0f]\" id=\"form-field-field_a1aeb0f\" class=\"elementor-field elementor-size-lg  elementor-acceptance-field\" required=\"required\" aria-required=\"true\">\n\t\t\t\t<label for=\"form-field-field_a1aeb0f\">He llegit i acceptat la pol\u00edtica de privacitat<\/label>\t\t\t<\/span>\n\t\t<\/div>\n\t\t\t\t\t\t<\/div>\n\t\t\t\t\t\t\t\t<div class=\"elementor-field-group elementor-column elementor-field-type-submit elementor-col-50 e-form__buttons\">\n\t\t\t\t\t<button type=\"submit\" class=\"elementor-button elementor-size-lg\">\n\t\t\t\t\t\t<span >\n\t\t\t\t\t\t\t\t\t\t\t\t\t\t\t<span class=\"elementor-button-icon\">\n\t\t\t\t\t\t\t\t\t\t\t\t\t\t\t\t\t\t\t\t\t\t\t\t\t\t<\/span>\n\t\t\t\t\t\t\t\t\t\t\t\t\t\t\t\t\t\t\t\t\t\t<span class=\"elementor-button-text\">ENVIAR<\/span>\n\t\t\t\t\t\t\t\t\t\t\t\t\t<\/span>\n\t\t\t\t\t<\/button>\n\t\t\t\t<\/div>\n\t\t\t<\/div>\n\t\t<input type=\"hidden\" name=\"trp-form-language\" value=\"val\"\/><\/form>\n\t\t\t\t\t\t<\/div>\n\t\t\t\t<\/div>\n\t\t\t\t<div class=\"elementor-element elementor-element-7cf3093 elementor-widget elementor-widget-spacer\" data-id=\"7cf3093\" data-element_type=\"widget\" data-widget_type=\"spacer.default\">\n\t\t\t\t<div class=\"elementor-widget-container\">\n\t\t\t\t\t\t\t<div class=\"elementor-spacer\">\n\t\t\t<div class=\"elementor-spacer-inner\"><\/div>\n\t\t<\/div>\n\t\t\t\t\t\t<\/div>\n\t\t\t\t<\/div>\n\t\t\t\t<div class=\"elementor-element elementor-element-2651fc4 elementor-widget elementor-widget-text-editor\" data-id=\"2651fc4\" data-element_type=\"widget\" data-widget_type=\"text-editor.default\">\n\t\t\t\t<div class=\"elementor-widget-container\">\n\t\t\t\t\t\t\t\t\t<p><small>Informaci\u00f3n b\u00e1sica sobre protecci\u00f3n de datos: Responsable: Rafa Villarraso Boluda (Pilaf Estudio). Finalidad: Este formulario recoge los datos m\u00ednimos para gestionar consultas, sus datos NO se usar\u00e1n para prospecci\u00f3n comercial. Legitimaci\u00f3n: Consentimiento del interesado. Destinatarios: Pilaf Estudio. Derechos: Acceder, rectificar y suprimir los datos, as\u00ed como otros derechos como se explica en la <a href=\"https:\/\/www.pilafestudio.com\/val\/politica-de-privacidad\/\"><u>pol\u00edtica de privacitat<\/u><\/a>.<\/small><\/p><p><!-- \/wp:html --><\/p>\t\t\t\t\t\t\t\t<\/div>\n\t\t\t\t<\/div>\n\t\t\t\t\t<\/div>\n\t\t<\/div>\n\t\t\t\t<div class=\"elementor-column elementor-col-50 elementor-top-column elementor-element elementor-element-2b0c4c3 elementor-hidden-tablet elementor-hidden-mobile\" data-id=\"2b0c4c3\" data-element_type=\"column\">\n\t\t\t<div class=\"elementor-widget-wrap\">\n\t\t\t\t\t\t\t<\/div>\n\t\t<\/div>\n\t\t\t\t\t<\/div>\n\t\t<\/section>\n\t\t\t\t<section class=\"elementor-section elementor-top-section elementor-element elementor-element-7c21bf2 elementor-hidden-mobile elementor-section-boxed elementor-section-height-default elementor-section-height-default\" data-id=\"7c21bf2\" data-element_type=\"section\">\n\t\t\t\t\t\t<div class=\"elementor-container elementor-column-gap-default\">\n\t\t\t\t\t<div class=\"elementor-column elementor-col-100 elementor-top-column elementor-element elementor-element-281a7d2\" data-id=\"281a7d2\" data-element_type=\"column\">\n\t\t\t<div class=\"elementor-widget-wrap elementor-element-populated\">\n\t\t\t\t\t\t<div class=\"elementor-element elementor-element-0b035c4 elementor-widget elementor-widget-spacer\" data-id=\"0b035c4\" data-element_type=\"widget\" data-widget_type=\"spacer.default\">\n\t\t\t\t<div class=\"elementor-widget-container\">\n\t\t\t\t\t\t\t<div class=\"elementor-spacer\">\n\t\t\t<div class=\"elementor-spacer-inner\"><\/div>\n\t\t<\/div>\n\t\t\t\t\t\t<\/div>\n\t\t\t\t<\/div>\n\t\t\t\t\t<\/div>\n\t\t<\/div>\n\t\t\t\t\t<\/div>\n\t\t<\/section>\n\t\t\t\t<\/div>","protected":false},"excerpt":{"rendered":"<p>Contacto Informaci\u00f3n b\u00e1sica sobre protecci\u00f3n de datos: Responsable: Rafa Villarraso Boluda (Pilaf Estudio). Finalidad: Este formulario recoge los datos m\u00ednimos para gestionar consultas, sus datos NO se usar\u00e1n para prospecci\u00f3n comercial. Legitimaci\u00f3n: Consentimiento del interesado. Destinatarios: Pilaf Estudio. Derechos: Acceder, rectificar y suprimir los datos, as\u00ed como otros derechos como se explica en la pol\u00edtica [&hellip;]<\/p>","protected":false},"author":1,"featured_media":0,"parent":0,"menu_order":0,"comment_status":"closed","ping_status":"closed","template":"","meta":{"_sitemap_exclude":false,"_sitemap_priority":"","_sitemap_frequency":"","footnotes":""},"class_list":["post-9","page","type-page","status-publish","hentry"],"yoast_head":"<!-- This site is optimized with the Yoast SEO plugin v25.9 - https:\/\/yoast.com\/wordpress\/plugins\/seo\/ -->\n<title>Contacto - Pilaf Estudio<\/title>\n<meta name=\"description\" content=\"Ponte en contacto con nosotros en el 655783119\" \/>\n<meta name=\"robots\" content=\"index, follow, max-snippet:-1, max-image-preview:large, max-video-preview:-1\" \/>\n<link rel=\"canonical\" href=\"https:\/\/www.pilafestudio.com\/val\/contacto\/\" \/>\n<meta property=\"og:locale\" content=\"ca_ES\" \/>\n<meta property=\"og:type\" content=\"article\" \/>\n<meta property=\"og:title\" content=\"Contacto - Pilaf Estudio\" \/>\n<meta property=\"og:description\" content=\"Ponte en contacto con nosotros en el 655783119\" \/>\n<meta property=\"og:url\" content=\"https:\/\/www.pilafestudio.com\/val\/contacto\/\" \/>\n<meta property=\"og:site_name\" content=\"Pilaf Estudio\" \/>\n<meta property=\"article:modified_time\" content=\"2025-04-19T15:02:29+00:00\" \/>\n<meta name=\"twitter:card\" content=\"summary_large_image\" \/>\n<meta name=\"twitter:label1\" content=\"Temps estimat de lectura\" \/>\n\t<meta name=\"twitter:data1\" content=\"1 minut\" \/>\n<script type=\"application\/ld+json\" class=\"yoast-schema-graph\">{\"@context\":\"https:\/\/schema.org\",\"@graph\":[{\"@type\":\"WebPage\",\"@id\":\"https:\/\/www.pilafestudio.com\/contacto\/\",\"url\":\"https:\/\/www.pilafestudio.com\/contacto\/\",\"name\":\"Contacto - Pilaf Estudio\",\"isPartOf\":{\"@id\":\"https:\/\/www.pilafestudio.com\/#website\"},\"datePublished\":\"2017-01-02T12:49:56+00:00\",\"dateModified\":\"2025-04-19T15:02:29+00:00\",\"description\":\"Ponte en contacto con nosotros en el 655783119\",\"breadcrumb\":{\"@id\":\"https:\/\/www.pilafestudio.com\/contacto\/#breadcrumb\"},\"inLanguage\":\"ca\",\"potentialAction\":[{\"@type\":\"ReadAction\",\"target\":[\"https:\/\/www.pilafestudio.com\/contacto\/\"]}]},{\"@type\":\"BreadcrumbList\",\"@id\":\"https:\/\/www.pilafestudio.com\/contacto\/#breadcrumb\",\"itemListElement\":[{\"@type\":\"ListItem\",\"position\":1,\"name\":\"Portada\",\"item\":\"https:\/\/www.pilafestudio.com\/\"},{\"@type\":\"ListItem\",\"position\":2,\"name\":\"Contacto\"}]},{\"@type\":\"WebSite\",\"@id\":\"https:\/\/www.pilafestudio.com\/#website\",\"url\":\"https:\/\/www.pilafestudio.com\/\",\"name\":\"Pilaf Estudio\",\"description\":\"Dise\u00f1o Web a Medida\",\"publisher\":{\"@id\":\"https:\/\/www.pilafestudio.com\/#\/schema\/person\/7eaac3fb2ccdb71db8ed1a4115fd4cbf\"},\"potentialAction\":[{\"@type\":\"SearchAction\",\"target\":{\"@type\":\"EntryPoint\",\"urlTemplate\":\"https:\/\/www.pilafestudio.com\/?s={search_term_string}\"},\"query-input\":{\"@type\":\"PropertyValueSpecification\",\"valueRequired\":true,\"valueName\":\"search_term_string\"}}],\"inLanguage\":\"ca\"},{\"@type\":[\"Person\",\"Organization\"],\"@id\":\"https:\/\/www.pilafestudio.com\/#\/schema\/person\/7eaac3fb2ccdb71db8ed1a4115fd4cbf\",\"name\":\"Rafa Villarraso\",\"image\":{\"@type\":\"ImageObject\",\"inLanguage\":\"ca\",\"@id\":\"https:\/\/www.pilafestudio.com\/#\/schema\/person\/image\/\",\"url\":\"https:\/\/www.pilafestudio.com\/wp-content\/uploads\/2019\/06\/RafaRigP.gif\",\"contentUrl\":\"https:\/\/www.pilafestudio.com\/wp-content\/uploads\/2019\/06\/RafaRigP.gif\",\"width\":200,\"height\":200,\"caption\":\"Rafa Villarraso\"},\"logo\":{\"@id\":\"https:\/\/www.pilafestudio.com\/#\/schema\/person\/image\/\"}}]}<\/script>\n<!-- \/ Yoast SEO plugin. -->","yoast_head_json":{"title":"Contacto - Pilaf Estudio","description":"Ponte en contacto con nosotros en el 655783119","robots":{"index":"index","follow":"follow","max-snippet":"max-snippet:-1","max-image-preview":"max-image-preview:large","max-video-preview":"max-video-preview:-1"},"canonical":"https:\/\/www.pilafestudio.com\/val\/contacto\/","og_locale":"ca_ES","og_type":"article","og_title":"Contacto - Pilaf Estudio","og_description":"Ponte en contacto con nosotros en el 655783119","og_url":"https:\/\/www.pilafestudio.com\/val\/contacto\/","og_site_name":"Pilaf Estudio","article_modified_time":"2025-04-19T15:02:29+00:00","twitter_card":"summary_large_image","twitter_misc":{"Temps estimat de lectura":"1 minut"},"schema":{"@context":"https:\/\/schema.org","@graph":[{"@type":"WebPage","@id":"https:\/\/www.pilafestudio.com\/contacto\/","url":"https:\/\/www.pilafestudio.com\/contacto\/","name":"Contacto - Pilaf Estudio","isPartOf":{"@id":"https:\/\/www.pilafestudio.com\/#website"},"datePublished":"2017-01-02T12:49:56+00:00","dateModified":"2025-04-19T15:02:29+00:00","description":"Ponte en contacto con nosotros en el 655783119","breadcrumb":{"@id":"https:\/\/www.pilafestudio.com\/contacto\/#breadcrumb"},"inLanguage":"ca","potentialAction":[{"@type":"ReadAction","target":["https:\/\/www.pilafestudio.com\/contacto\/"]}]},{"@type":"BreadcrumbList","@id":"https:\/\/www.pilafestudio.com\/contacto\/#breadcrumb","itemListElement":[{"@type":"ListItem","position":1,"name":"Portada","item":"https:\/\/www.pilafestudio.com\/"},{"@type":"ListItem","position":2,"name":"Contacto"}]},{"@type":"WebSite","@id":"https:\/\/www.pilafestudio.com\/#website","url":"https:\/\/www.pilafestudio.com\/","name":"Pilaf Estudio","description":"Dise\u00f1o Web a Medida","publisher":{"@id":"https:\/\/www.pilafestudio.com\/#\/schema\/person\/7eaac3fb2ccdb71db8ed1a4115fd4cbf"},"potentialAction":[{"@type":"SearchAction","target":{"@type":"EntryPoint","urlTemplate":"https:\/\/www.pilafestudio.com\/?s={search_term_string}"},"query-input":{"@type":"PropertyValueSpecification","valueRequired":true,"valueName":"search_term_string"}}],"inLanguage":"ca"},{"@type":["Person","Organization"],"@id":"https:\/\/www.pilafestudio.com\/#\/schema\/person\/7eaac3fb2ccdb71db8ed1a4115fd4cbf","name":"Rafa Villarraso","image":{"@type":"ImageObject","inLanguage":"ca","@id":"https:\/\/www.pilafestudio.com\/#\/schema\/person\/image\/","url":"https:\/\/www.pilafestudio.com\/wp-content\/uploads\/2019\/06\/RafaRigP.gif","contentUrl":"https:\/\/www.pilafestudio.com\/wp-content\/uploads\/2019\/06\/RafaRigP.gif","width":200,"height":200,"caption":"Rafa Villarraso"},"logo":{"@id":"https:\/\/www.pilafestudio.com\/#\/schema\/person\/image\/"}}]}},"_links":{"self":[{"href":"https:\/\/www.pilafestudio.com\/val\/wp-json\/wp\/v2\/pages\/9","targetHints":{"allow":["GET"]}}],"collection":[{"href":"https:\/\/www.pilafestudio.com\/val\/wp-json\/wp\/v2\/pages"}],"about":[{"href":"https:\/\/www.pilafestudio.com\/val\/wp-json\/wp\/v2\/types\/page"}],"author":[{"embeddable":true,"href":"https:\/\/www.pilafestudio.com\/val\/wp-json\/wp\/v2\/users\/1"}],"replies":[{"embeddable":true,"href":"https:\/\/www.pilafestudio.com\/val\/wp-json\/wp\/v2\/comments?post=9"}],"version-history":[{"count":112,"href":"https:\/\/www.pilafestudio.com\/val\/wp-json\/wp\/v2\/pages\/9\/revisions"}],"predecessor-version":[{"id":5591,"href":"https:\/\/www.pilafestudio.com\/val\/wp-json\/wp\/v2\/pages\/9\/revisions\/5591"}],"wp:attachment":[{"href":"https:\/\/www.pilafestudio.com\/val\/wp-json\/wp\/v2\/media?parent=9"}],"curies":[{"name":"wp","href":"https:\/\/api.w.org\/{rel}","templated":true}]}}